{"id":69043,"date":"2015-04-28T10:22:49","date_gmt":"2015-04-28T10:22:49","guid":{"rendered":"https:\/\/flysurfer.com\/legal-notice\/"},"modified":"2025-10-01T12:49:00","modified_gmt":"2025-10-01T10:49:00","slug":"mentions-legales","status":"publish","type":"page","link":"https:\/\/flysurfer.com\/fr\/mentions-legales\/","title":{"rendered":"Mentions l\u00e9gales"},"content":{"rendered":"<p>[et_pb_section fb_built=&nbsp;&raquo;1&Prime; inner_shadow=&nbsp;&raquo;on&nbsp;&raquo; fullwidth=&nbsp;&raquo;on&nbsp;&raquo; admin_label=&nbsp;&raquo;section&nbsp;&raquo; _builder_version=&nbsp;&raquo;3.22&Prime; background_color=&nbsp;&raquo;#ffffff&nbsp;&raquo; transparent_background=&nbsp;&raquo;off&nbsp;&raquo;][et_pb_fullwidth_map address=&nbsp;&raquo;Marquartstein, Deutschland&nbsp;&raquo; zoom_level=&nbsp;&raquo;7&Prime; address_lat=&nbsp;&raquo;47.7614275&Prime; address_lng=&nbsp;&raquo;12.460403600000063&Prime; admin_label=&nbsp;&raquo;Vollbreite Karte&nbsp;&raquo; _builder_version=&nbsp;&raquo;3.0.91&Prime;][et_pb_map_pin title=&nbsp;&raquo;Skywalk GmbH &#038; Co. KG&nbsp;&raquo; pin_address=&nbsp;&raquo;Hochlerchstra\u00dfe 14, 83250 Marquartstein, Deutschland&nbsp;&raquo; pin_address_lat=&nbsp;&raquo;47.76314395842195&Prime; pin_address_lng=&nbsp;&raquo;12.464786329530398&Prime; _builder_version=&nbsp;&raquo;3.0.47&Prime;][\/et_pb_map_pin][\/et_pb_fullwidth_map][\/et_pb_section][et_pb_section fb_built=&nbsp;&raquo;1&Prime; admin_label=&nbsp;&raquo;section&nbsp;&raquo; _builder_version=&nbsp;&raquo;3.22&Prime;][et_pb_row _builder_version=&nbsp;&raquo;3.25&Prime; background_size=&nbsp;&raquo;initial&nbsp;&raquo; background_position=&nbsp;&raquo;top_left&nbsp;&raquo; background_repeat=&nbsp;&raquo;repeat&nbsp;&raquo;][et_pb_column type=&nbsp;&raquo;4_4&Prime; _builder_version=&nbsp;&raquo;3.25&Prime; custom_padding=&nbsp;&raquo;|||&nbsp;&raquo; custom_padding__hover=&nbsp;&raquo;|||&nbsp;&raquo;][et_pb_text _builder_version=&nbsp;&raquo;4.7.4&Prime; background_size=&nbsp;&raquo;initial&nbsp;&raquo; background_position=&nbsp;&raquo;top_left&nbsp;&raquo; background_repeat=&nbsp;&raquo;repeat&nbsp;&raquo; use_border_color=&nbsp;&raquo;off&nbsp;&raquo; border_color=&nbsp;&raquo;#ffffff&nbsp;&raquo; border_style=&nbsp;&raquo;solid&nbsp;&raquo;]<\/p>\n<h1>LEGAL NOTICE<\/h1>\n<p>[\/et_pb_text][et_pb_text _builder_version=&nbsp;&raquo;4.7.4&Prime; background_size=&nbsp;&raquo;initial&nbsp;&raquo; background_position=&nbsp;&raquo;top_left&nbsp;&raquo; background_repeat=&nbsp;&raquo;repeat&nbsp;&raquo; use_border_color=&nbsp;&raquo;off&nbsp;&raquo; border_color=&nbsp;&raquo;#ffffff&nbsp;&raquo; border_style=&nbsp;&raquo;solid&nbsp;&raquo;]<\/p>\n<p><strong>FLYSURFER <\/strong><br \/>Brand of Skywalk GmbH &amp; Co. KG<br \/>Windeckstr. 4<br \/>83250 Marquartstein<br \/>GERMANY<\/p>\n<p><strong>Phone<\/strong> +49 (0) 8641\/69 48 0<br \/><strong>E-Mail<\/strong> <a href=\"mailto:info@flysurfer.com\" target=\"_blank\" rel=\"noopener noreferrer\">info@flysurfer.com<\/a><\/p>\n<p>Personally liable partner: Skywalk Verwaltungs GmbH**<br \/>Authorized directors: Arne Wehrlin, Erik Birndt<br \/>Registry court: Amtsgericht Traunstein<br \/>Registry number: HRA 7710<br \/>German sales tax identification number according to \u00a7 27 a Sales Tax Law: DE 813305030<br \/>Responsible for content according to \u00a7 6 MDStV: Arne Wehrlin<\/p>\n<p><strong>Disclaimer:<\/strong> Despite careful content checking, we are not liable for the contents of external links. For the contents of linked websites, the operators of said websites are solely responsible.<\/p>\n<p>[\/et_pb_text][et_pb_divider disabled_on=&nbsp;&raquo;on|on|on&nbsp;&raquo; _builder_version=&nbsp;&raquo;4.7.4&Prime; disabled=&nbsp;&raquo;on&nbsp;&raquo;][\/et_pb_divider][et_pb_text disabled_on=&nbsp;&raquo;on|on|on&nbsp;&raquo; _builder_version=&nbsp;&raquo;4.7.4&Prime; background_size=&nbsp;&raquo;initial&nbsp;&raquo; background_position=&nbsp;&raquo;top_left&nbsp;&raquo; background_repeat=&nbsp;&raquo;repeat&nbsp;&raquo; use_border_color=&nbsp;&raquo;off&nbsp;&raquo; border_color=&nbsp;&raquo;#ffffff&nbsp;&raquo; border_style=&nbsp;&raquo;solid&nbsp;&raquo; disabled=&nbsp;&raquo;on&nbsp;&raquo;]<\/p>\n<h1>Qualit\u00e4tspolitik<\/h1>\n<p>[\/et_pb_text][et_pb_text disabled_on=&nbsp;&raquo;on|on|on&nbsp;&raquo; _builder_version=&nbsp;&raquo;4.7.4&Prime; background_size=&nbsp;&raquo;initial&nbsp;&raquo; background_position=&nbsp;&raquo;top_left&nbsp;&raquo; background_repeat=&nbsp;&raquo;repeat&nbsp;&raquo; use_border_color=&nbsp;&raquo;off&nbsp;&raquo; border_color=&nbsp;&raquo;#ffffff&nbsp;&raquo; border_style=&nbsp;&raquo;solid&nbsp;&raquo; disabled=&nbsp;&raquo;on&nbsp;&raquo;]Die Gesch\u00e4ftsf\u00fchrung der Firma Skywalk GmbH &amp; Co KG hat zur Erreichung des Unternehmensziels &#8211; der langfristigen Sicherung und Ausbau seiner Marktstellung, Erhaltung der Arbeitspl\u00e4tze, Sicherung und Ausbau der Ertr\u00e4ge folgende Qualit\u00e4tspolitik beschlossen:<\/p>\n<ul>\n<li><strong>Produkte<\/strong>: Unsere Dienstleistungen verk\u00f6rpern Zuverl\u00e4ssigkeit und Funktionalit\u00e4t. Die Produktentwicklung liegt in der Verantwortung unseres Unternehmens.<\/li>\n<li><strong>Qualit\u00e4t:<\/strong>Kundenzufriedenheit ist das oberste Ziel unserer Qualit\u00e4tspolitik. Dies zeigt sich in der Kompetenz unserer Leistungen, der Termintreue, sowie der Flexibilit\u00e4t, mit der wir die W\u00fcnsche unserer Kunden realisieren.<\/li>\n<li><strong>Kunden:<\/strong> Durch kompetente Kundenberatung unterst\u00fctzt unser Unternehmen den Kunden bei der Konzipierung und Planung von fertigungstechnischen Abl\u00e4ufen. Somit sind wir in der Lage die Auftragsabwicklung kundenorientiert durchzuf\u00fchren.<\/li>\n<li><strong>Mitarbeiter:<\/strong> Jeder Mitarbeiter ist f\u00fcr die Qualit\u00e4t seiner Arbeitsergebnisse verantwortlich. Durch die hohe Motivation und Qualifikation unserer Mitarbeiter schaffen wir die Basis f\u00fcr kundennahes und qualit\u00e4tsbewusstes Arbeiten. Die Gesch\u00e4ftsf\u00fchrung f\u00f6rdert daher die Aus- und Weiterbildung der Mitarbeiter.<\/li>\n<li><strong>St\u00e4ndige Verbesserung\/Fehlervorbeugung:<\/strong> Wir wollen die Qualit\u00e4t unserer Produkte nicht durch Fehlerbeseitigung, sondern durch fr\u00fchzeitige Fehlervermeidung sichern. Das Qualit\u00e4tsmanagementsystem dient uns als Hilfe zur st\u00e4ndigen Verbesserung unserer Abl\u00e4ufe und Prozesse und auch zur Reduzierung unserer Kosten.<\/li>\n<li><strong>Lieferanten:<\/strong> Wir arbeiten nur mit solchen Lieferanten zusammen, die bereit sind, unsere Zielsetzungen partnerschaftlich und vorbehaltlos zu unterst\u00fctzen und mitzutragen.<\/li>\n<li><strong>Umwelt:<\/strong> Durch zukunftsorientierte, qualit\u00e4tsf\u00f6rdernde und umweltschonende Investitionen wollen wir den steigenden Anforderungen unserer Kunden und des Marktes gerecht werden.<\/li>\n<li><strong>Gesetze:<\/strong> Wir verpflichten uns zur Einhaltung g\u00fcltiger Gesetzte und Verordnungen. Die Anforderungen bez\u00fcglich unserer Produkte und Dienstleistungen werden eigenverantwortlich ermittelt und erf\u00fcllt. Als notwendig Erkanntes wird aus eigenem Antrieb auch ohne gesetzliche Verpflichtung oder beh\u00f6rdliche Auflagen in Angriff genommen.<\/li>\n<\/ul>\n<p>[\/et_pb_text][\/et_pb_column][\/et_pb_row][\/et_pb_section]<\/p>\n","protected":false},"excerpt":{"rendered":"<p>[et_pb_section fb_built=&nbsp;&raquo;1&Prime; inner_shadow=&nbsp;&raquo;on&nbsp;&raquo; fullwidth=&nbsp;&raquo;on&nbsp;&raquo; admin_label=&nbsp;&raquo;section&nbsp;&raquo; _builder_version=&nbsp;&raquo;3.22&Prime; background_color=&nbsp;&raquo;#ffffff&nbsp;&raquo; transparent_background=&nbsp;&raquo;off&nbsp;&raquo;][et_pb_fullwidth_map address=&nbsp;&raquo;Marquartstein, Deutschland&nbsp;&raquo; zoom_level=&nbsp;&raquo;7&Prime; address_lat=&nbsp;&raquo;47.7614275&Prime; address_lng=&nbsp;&raquo;12.460403600000063&Prime; admin_label=&nbsp;&raquo;Vollbreite Karte&nbsp;&raquo; _builder_version=&nbsp;&raquo;3.0.91&Prime;][et_pb_map_pin title=&nbsp;&raquo;Skywalk GmbH &#038; Co. KG&nbsp;&raquo; pin_address=&nbsp;&raquo;Hochlerchstra\u00dfe 14, 83250 Marquartstein, Deutschland&nbsp;&raquo; pin_address_lat=&nbsp;&raquo;47.76314395842195&Prime; pin_address_lng=&nbsp;&raquo;12.464786329530398&Prime; _builder_version=&nbsp;&raquo;3.0.47&Prime;][\/et_pb_map_pin][\/et_pb_fullwidth_map][\/et_pb_section][et_pb_section fb_built=&nbsp;&raquo;1&Prime; admin_label=&nbsp;&raquo;section&nbsp;&raquo; _builder_version=&nbsp;&raquo;3.22&Prime;][et_pb_row _builder_version=&nbsp;&raquo;3.25&Prime; background_size=&nbsp;&raquo;initial&nbsp;&raquo; background_position=&nbsp;&raquo;top_left&nbsp;&raquo; background_repeat=&nbsp;&raquo;repeat&nbsp;&raquo;][et_pb_column type=&nbsp;&raquo;4_4&Prime; _builder_version=&nbsp;&raquo;3.25&Prime; custom_padding=&nbsp;&raquo;|||&nbsp;&raquo; custom_padding__hover=&nbsp;&raquo;|||&nbsp;&raquo;][et_pb_text _builder_version=&nbsp;&raquo;4.7.4&Prime; background_size=&nbsp;&raquo;initial&nbsp;&raquo; background_position=&nbsp;&raquo;top_left&nbsp;&raquo; background_repeat=&nbsp;&raquo;repeat&nbsp;&raquo; use_border_color=&nbsp;&raquo;off&nbsp;&raquo; border_color=&nbsp;&raquo;#ffffff&nbsp;&raquo; border_style=&nbsp;&raquo;solid&nbsp;&raquo;] LEGAL NOTICE [\/et_pb_text][et_pb_text _builder_version=&nbsp;&raquo;4.7.4&Prime; background_size=&nbsp;&raquo;initial&nbsp;&raquo; background_position=&nbsp;&raquo;top_left&nbsp;&raquo; background_repeat=&nbsp;&raquo;repeat&nbsp;&raquo; use_border_color=&nbsp;&raquo;off&nbsp;&raquo; [&hellip;]<\/p>\n","protected":false},"author":27,"featured_media":0,"parent":0,"menu_order":0,"comment_status":"open","ping_status":"open","template":"","meta":{"_et_pb_use_builder":"on","_et_pb_old_content":"","_et_gb_content_width":"","footnotes":""},"yoast_head":"<!-- This site is optimized with the Yoast SEO plugin v22.5 - https:\/\/yoast.com\/wordpress\/plugins\/seo\/ -->\n<title>Mentions l\u00e9gales | FLYSURFER<\/title>\n<meta name=\"description\" content=\"Since 2001, FLYSURFER Kiteboarding has been developing, manufacturing and distributing innovative kites and boards to make every day a perfect kiteday!\" \/>\n<meta name=\"robots\" content=\"index, follow, max-snippet:-1, max-image-preview:large, max-video-preview:-1\" \/>\n<link rel=\"canonical\" href=\"https:\/\/flysurfer.com\/fr\/mentions-legales\/\" \/>\n<meta property=\"og:locale\" content=\"fr_FR\" \/>\n<meta property=\"og:type\" content=\"article\" \/>\n<meta property=\"og:title\" content=\"Mentions l\u00e9gales | FLYSURFER\" \/>\n<meta property=\"og:description\" content=\"Since 2001, FLYSURFER Kiteboarding has been developing, manufacturing and distributing innovative kites and boards to make every day a perfect kiteday!\" \/>\n<meta property=\"og:url\" content=\"https:\/\/flysurfer.com\/fr\/mentions-legales\/\" \/>\n<meta property=\"og:site_name\" content=\"FLYSURFER\" \/>\n<meta property=\"article:publisher\" content=\"https:\/\/www.facebook.com\/flysurferkiteboarding\" \/>\n<meta property=\"article:modified_time\" content=\"2025-10-01T10:49:00+00:00\" \/>\n<meta name=\"twitter:label1\" content=\"Dur\u00e9e de lecture estim\u00e9e\" \/>\n\t<meta name=\"twitter:data1\" content=\"1 minute\" \/>\n<script type=\"application\/ld+json\" class=\"yoast-schema-graph\">{\"@context\":\"https:\/\/schema.org\",\"@graph\":[{\"@type\":\"WebPage\",\"@id\":\"https:\/\/flysurfer.com\/fr\/mentions-legales\/\",\"url\":\"https:\/\/flysurfer.com\/fr\/mentions-legales\/\",\"name\":\"Mentions l\u00e9gales | FLYSURFER\",\"isPartOf\":{\"@id\":\"https:\/\/flysurfer.com\/de\/#website\"},\"datePublished\":\"2015-04-28T10:22:49+00:00\",\"dateModified\":\"2025-10-01T10:49:00+00:00\",\"description\":\"Since 2001, FLYSURFER Kiteboarding has been developing, manufacturing and distributing innovative kites and boards to make every day a perfect kiteday!\",\"breadcrumb\":{\"@id\":\"https:\/\/flysurfer.com\/fr\/mentions-legales\/#breadcrumb\"},\"inLanguage\":\"fr-FR\",\"potentialAction\":[{\"@type\":\"ReadAction\",\"target\":[\"https:\/\/flysurfer.com\/fr\/mentions-legales\/\"]}]},{\"@type\":\"BreadcrumbList\",\"@id\":\"https:\/\/flysurfer.com\/fr\/mentions-legales\/#breadcrumb\",\"itemListElement\":[{\"@type\":\"ListItem\",\"position\":1,\"name\":\"Home\",\"item\":\"https:\/\/flysurfer.com\/fr\/\"},{\"@type\":\"ListItem\",\"position\":2,\"name\":\"Mentions l\u00e9gales\"}]},{\"@type\":\"WebSite\",\"@id\":\"https:\/\/flysurfer.com\/de\/#website\",\"url\":\"https:\/\/flysurfer.com\/de\/\",\"name\":\"FLYSURFER\",\"description\":\"ahead of its time\",\"publisher\":{\"@id\":\"https:\/\/flysurfer.com\/de\/#organization\"},\"potentialAction\":[{\"@type\":\"SearchAction\",\"target\":{\"@type\":\"EntryPoint\",\"urlTemplate\":\"https:\/\/flysurfer.com\/de\/?s={search_term_string}\"},\"query-input\":\"required name=search_term_string\"}],\"inLanguage\":\"fr-FR\"},{\"@type\":\"Organization\",\"@id\":\"https:\/\/flysurfer.com\/de\/#organization\",\"name\":\"Skywalk GmbH & Co. KG\",\"url\":\"https:\/\/flysurfer.com\/de\/\",\"logo\":{\"@type\":\"ImageObject\",\"inLanguage\":\"fr-FR\",\"@id\":\"https:\/\/flysurfer.com\/de\/#\/schema\/logo\/image\/\",\"url\":\"https:\/\/flysurfer.com\/files\/2020\/08\/FS20-Logo-Web_420x105px-3.png\",\"contentUrl\":\"https:\/\/flysurfer.com\/files\/2020\/08\/FS20-Logo-Web_420x105px-3.png\",\"width\":875,\"height\":219,\"caption\":\"Skywalk GmbH & Co. KG\"},\"image\":{\"@id\":\"https:\/\/flysurfer.com\/de\/#\/schema\/logo\/image\/\"},\"sameAs\":[\"https:\/\/www.facebook.com\/flysurferkiteboarding\",\"https:\/\/x.com\/flysurferhq\",\"https:\/\/www.instagram.com\/flysurferkiteboarding\/\",\"https:\/\/www.youtube.com\/flysurferkites\/\"]}]}<\/script>\n<!-- \/ Yoast SEO plugin. -->","yoast_head_json":{"title":"Mentions l\u00e9gales | FLYSURFER","description":"Since 2001, FLYSURFER Kiteboarding has been developing, manufacturing and distributing innovative kites and boards to make every day a perfect kiteday!","robots":{"index":"index","follow":"follow","max-snippet":"max-snippet:-1","max-image-preview":"max-image-preview:large","max-video-preview":"max-video-preview:-1"},"canonical":"https:\/\/flysurfer.com\/fr\/mentions-legales\/","og_locale":"fr_FR","og_type":"article","og_title":"Mentions l\u00e9gales | FLYSURFER","og_description":"Since 2001, FLYSURFER Kiteboarding has been developing, manufacturing and distributing innovative kites and boards to make every day a perfect kiteday!","og_url":"https:\/\/flysurfer.com\/fr\/mentions-legales\/","og_site_name":"FLYSURFER","article_publisher":"https:\/\/www.facebook.com\/flysurferkiteboarding","article_modified_time":"2025-10-01T10:49:00+00:00","twitter_misc":{"Dur\u00e9e de lecture estim\u00e9e":"1 minute"},"schema":{"@context":"https:\/\/schema.org","@graph":[{"@type":"WebPage","@id":"https:\/\/flysurfer.com\/fr\/mentions-legales\/","url":"https:\/\/flysurfer.com\/fr\/mentions-legales\/","name":"Mentions l\u00e9gales | FLYSURFER","isPartOf":{"@id":"https:\/\/flysurfer.com\/de\/#website"},"datePublished":"2015-04-28T10:22:49+00:00","dateModified":"2025-10-01T10:49:00+00:00","description":"Since 2001, FLYSURFER Kiteboarding has been developing, manufacturing and distributing innovative kites and boards to make every day a perfect kiteday!","breadcrumb":{"@id":"https:\/\/flysurfer.com\/fr\/mentions-legales\/#breadcrumb"},"inLanguage":"fr-FR","potentialAction":[{"@type":"ReadAction","target":["https:\/\/flysurfer.com\/fr\/mentions-legales\/"]}]},{"@type":"BreadcrumbList","@id":"https:\/\/flysurfer.com\/fr\/mentions-legales\/#breadcrumb","itemListElement":[{"@type":"ListItem","position":1,"name":"Home","item":"https:\/\/flysurfer.com\/fr\/"},{"@type":"ListItem","position":2,"name":"Mentions l\u00e9gales"}]},{"@type":"WebSite","@id":"https:\/\/flysurfer.com\/de\/#website","url":"https:\/\/flysurfer.com\/de\/","name":"FLYSURFER","description":"ahead of its time","publisher":{"@id":"https:\/\/flysurfer.com\/de\/#organization"},"potentialAction":[{"@type":"SearchAction","target":{"@type":"EntryPoint","urlTemplate":"https:\/\/flysurfer.com\/de\/?s={search_term_string}"},"query-input":"required name=search_term_string"}],"inLanguage":"fr-FR"},{"@type":"Organization","@id":"https:\/\/flysurfer.com\/de\/#organization","name":"Skywalk GmbH & Co. KG","url":"https:\/\/flysurfer.com\/de\/","logo":{"@type":"ImageObject","inLanguage":"fr-FR","@id":"https:\/\/flysurfer.com\/de\/#\/schema\/logo\/image\/","url":"https:\/\/flysurfer.com\/files\/2020\/08\/FS20-Logo-Web_420x105px-3.png","contentUrl":"https:\/\/flysurfer.com\/files\/2020\/08\/FS20-Logo-Web_420x105px-3.png","width":875,"height":219,"caption":"Skywalk GmbH & Co. KG"},"image":{"@id":"https:\/\/flysurfer.com\/de\/#\/schema\/logo\/image\/"},"sameAs":["https:\/\/www.facebook.com\/flysurferkiteboarding","https:\/\/x.com\/flysurferhq","https:\/\/www.instagram.com\/flysurferkiteboarding\/","https:\/\/www.youtube.com\/flysurferkites\/"]}]}},"_links":{"self":[{"href":"https:\/\/flysurfer.com\/fr\/wp-json\/wp\/v2\/pages\/69043"}],"collection":[{"href":"https:\/\/flysurfer.com\/fr\/wp-json\/wp\/v2\/pages"}],"about":[{"href":"https:\/\/flysurfer.com\/fr\/wp-json\/wp\/v2\/types\/page"}],"author":[{"embeddable":true,"href":"https:\/\/flysurfer.com\/fr\/wp-json\/wp\/v2\/users\/27"}],"replies":[{"embeddable":true,"href":"https:\/\/flysurfer.com\/fr\/wp-json\/wp\/v2\/comments?post=69043"}],"version-history":[{"count":3,"href":"https:\/\/flysurfer.com\/fr\/wp-json\/wp\/v2\/pages\/69043\/revisions"}],"predecessor-version":[{"id":69353,"href":"https:\/\/flysurfer.com\/fr\/wp-json\/wp\/v2\/pages\/69043\/revisions\/69353"}],"wp:attachment":[{"href":"https:\/\/flysurfer.com\/fr\/wp-json\/wp\/v2\/media?parent=69043"}],"curies":[{"name":"wp","href":"https:\/\/api.w.org\/{rel}","templated":true}]}}