{"id":4156,"date":"2015-08-19T11:26:31","date_gmt":"2015-08-19T09:26:31","guid":{"rendered":"\/?page_id=4156"},"modified":"2026-04-29T15:57:53","modified_gmt":"2026-04-29T13:57:53","slug":"presse-media","status":"publish","type":"page","link":"https:\/\/flysurfer.com\/de\/presse-media\/","title":{"rendered":"Presse &#038; Media"},"content":{"rendered":"<p>[et_pb_section fb_built=&#8220;1&#8243; admin_label=&#8220;section&#8220; _builder_version=&#8220;3.22&#8243;][et_pb_row admin_label=&#8220;row&#8220; _builder_version=&#8220;3.25&#8243; background_size=&#8220;initial&#8220; background_position=&#8220;top_left&#8220; background_repeat=&#8220;repeat&#8220;][et_pb_column type=&#8220;4_4&#8243; _builder_version=&#8220;3.25&#8243; custom_padding=&#8220;|||&#8220; custom_padding__hover=&#8220;|||&#8220;][et_pb_text admin_label=&#8220;Titel&#8220; _builder_version=&#8220;3.27.4&#8243; background_size=&#8220;initial&#8220; background_position=&#8220;top_left&#8220; background_repeat=&#8220;repeat&#8220; use_border_color=&#8220;off&#8220; border_color=&#8220;#ffffff&#8220; border_style=&#8220;solid&#8220;]<\/p>\n<h1><strong>PRESSESERVICE &#038; MEDIA KIT<\/strong><\/h1>\n<h4>Wir bieten interessante Werbe-, Vermarktungs- und Kooperationsm\u00f6glichkeiten<\/h4>\n<p>[\/et_pb_text][\/et_pb_column][\/et_pb_row][et_pb_row column_structure=&#8220;1_2,1_2&#8243; _builder_version=&#8220;3.25&#8243; background_size=&#8220;initial&#8220; background_position=&#8220;top_left&#8220; background_repeat=&#8220;repeat&#8220;][et_pb_column type=&#8220;1_2&#8243; _builder_version=&#8220;3.25&#8243; custom_padding=&#8220;|||&#8220; custom_padding__hover=&#8220;|||&#8220;][et_pb_text _builder_version=&#8220;4.7.4&#8243; background_size=&#8220;initial&#8220; background_position=&#8220;top_left&#8220; background_repeat=&#8220;repeat&#8220; text_orientation=&#8220;justified&#8220; hover_enabled=&#8220;0&#8243; use_border_color=&#8220;off&#8220; sticky_enabled=&#8220;0&#8243;]<\/p>\n<p>Seit 2001 ist FLYSURFER in der Kitebranche vertreten. Von Beginn an liegt unser Anspruch in der innovativen Entwicklung von Produkten. Aber auch in unserem Marketing- und Vertriebsansatz sind wir kreativ und oft anders als andere. Darum bieten wir vielf\u00e4ltige Werbe- und Kooperationsm\u00f6glicheiten rund um die Marke FLYSURFER und das Thema Kitesurfen\/Snowkiten\/Landboarden. Diese reichen von einfacher Bannerwerbung bis zu individuell erstellten Kampagnen, welche sowohl den Onlinebereich (Website, Newsletter, Social Media), den station\u00e4ren Handel (Shops, Testcenter, Kiteschulen) und den Versandbereich (Katalog, Paketbeigaben, Mailings) abdecken.<\/p>\n<p>Auch f\u00fcr Werbeagenturen k\u00f6nnen wir beratend t\u00e4tig sein \u2013 internationale Athleten, regional t\u00e4tige Brand Ambassadors und spezialisierte Foto- und Videographer geh\u00f6ren zu unserem Netzwerk. Wir k\u00f6nnen erlebnisorientierte Incentive-Reisen organisieren oder speziell Foto-\/Videoshoots planen, welche individuell auf die Bed\u00fcrfnisse von Klienten angepasst sind. Wir freuen uns auf die n\u00e4chste herausfordernde und interessante Anfrage.<\/p>\n<p>Solltest du Probleme, W\u00fcnsche oder Anregungen haben, kannst du uns schnell und einfach per E-Mail <a href=\"mailto:marketing@flysurfer.com\" target=\"_blank\" rel=\"noopener noreferrer\">marketing@flysurfer.com<\/a>\u00a0kontaktieren.<\/p>\n<p>[\/et_pb_text][\/et_pb_column][et_pb_column type=&#8220;1_2&#8243; _builder_version=&#8220;3.25&#8243; custom_padding=&#8220;|||&#8220; custom_padding__hover=&#8220;|||&#8220;][et_pb_cta title=&#8220;Anfragen f\u00fcr Marketing und PR&#8220; button_url=&#8220;mailto:marketing@flysurfer.com&#8220; button_text=&#8220;Sende eine E-Mail&#8220; admin_label=&#8220;Handlungsaufruf&#8220; _builder_version=&#8220;4.7.4&#8243; background_color=&#8220;#f59100&#8243; background_size=&#8220;initial&#8220; background_position=&#8220;top_left&#8220; background_repeat=&#8220;repeat&#8220; hover_enabled=&#8220;0&#8243; use_border_color=&#8220;off&#8220; border_color=&#8220;#ffffff&#8220; border_style=&#8220;solid&#8220; button_letter_spacing_hover=&#8220;0&#8243; button_text_size__hover_enabled=&#8220;off&#8220; button_text_size__hover=&#8220;null&#8220; button_one_text_size__hover_enabled=&#8220;off&#8220; button_one_text_size__hover=&#8220;null&#8220; button_two_text_size__hover_enabled=&#8220;off&#8220; button_two_text_size__hover=&#8220;null&#8220; button_text_color__hover_enabled=&#8220;off&#8220; button_text_color__hover=&#8220;null&#8220; button_one_text_color__hover_enabled=&#8220;off&#8220; button_one_text_color__hover=&#8220;null&#8220; button_two_text_color__hover_enabled=&#8220;off&#8220; button_two_text_color__hover=&#8220;null&#8220; button_border_width__hover_enabled=&#8220;off&#8220; button_border_width__hover=&#8220;null&#8220; button_one_border_width__hover_enabled=&#8220;off&#8220; button_one_border_width__hover=&#8220;null&#8220; button_two_border_width__hover_enabled=&#8220;off&#8220; button_two_border_width__hover=&#8220;null&#8220; button_border_color__hover_enabled=&#8220;off&#8220; button_border_color__hover=&#8220;null&#8220; button_one_border_color__hover_enabled=&#8220;off&#8220; button_one_border_color__hover=&#8220;null&#8220; button_two_border_color__hover_enabled=&#8220;off&#8220; button_two_border_color__hover=&#8220;null&#8220; button_border_radius__hover_enabled=&#8220;off&#8220; button_border_radius__hover=&#8220;null&#8220; button_one_border_radius__hover_enabled=&#8220;off&#8220; button_one_border_radius__hover=&#8220;null&#8220; button_two_border_radius__hover_enabled=&#8220;off&#8220; button_two_border_radius__hover=&#8220;null&#8220; button_letter_spacing__hover_enabled=&#8220;on&#8220; button_letter_spacing__hover=&#8220;0&#8243; button_one_letter_spacing__hover_enabled=&#8220;off&#8220; button_one_letter_spacing__hover=&#8220;null&#8220; button_two_letter_spacing__hover_enabled=&#8220;off&#8220; button_two_letter_spacing__hover=&#8220;null&#8220; button_bg_color__hover_enabled=&#8220;off&#8220; button_bg_color__hover=&#8220;null&#8220; button_one_bg_color__hover_enabled=&#8220;off&#8220; button_one_bg_color__hover=&#8220;null&#8220; button_two_bg_color__hover_enabled=&#8220;off&#8220; button_two_bg_color__hover=&#8220;null&#8220; sticky_enabled=&#8220;0&#8243;]<\/p>\n<p>Du ben\u00f6tigst Pressemitteilungen, Fotos\u00a0oder detaillierte Informationen \u00fcber FLYSURFER Kiteboarding? Du kannst uns eine interessante Kooperationsm\u00f6glichkeit anbieten? Dann kontaktiere uns einfach!<\/p>\n<p>[\/et_pb_cta][et_pb_cta title=&#8220;FLYSURFER Logos&#8220; button_url=&#8220;https:\/\/drive.google.com\/file\/d\/1fSbLY-s9g0plUQix81Jsv6gscnmicbm5\/view?usp=sharing&#8220; button_text=&#8220;Download &#8220; disabled_on=&#8220;on|on|on&#8220; admin_label=&#8220;Handlungsaufruf&#8220; _builder_version=&#8220;3.19.5&#8243; background_color=&#8220;#f59100&#8243; background_size=&#8220;initial&#8220; background_position=&#8220;top_left&#8220; background_repeat=&#8220;repeat&#8220; use_border_color=&#8220;off&#8220; disabled=&#8220;on&#8220; button_text_size__hover_enabled=&#8220;off&#8220; button_text_size__hover=&#8220;null&#8220; button_one_text_size__hover_enabled=&#8220;off&#8220; button_one_text_size__hover=&#8220;null&#8220; button_two_text_size__hover_enabled=&#8220;off&#8220; button_two_text_size__hover=&#8220;null&#8220; button_text_color__hover_enabled=&#8220;off&#8220; button_text_color__hover=&#8220;null&#8220; button_one_text_color__hover_enabled=&#8220;off&#8220; button_one_text_color__hover=&#8220;null&#8220; button_two_text_color__hover_enabled=&#8220;off&#8220; button_two_text_color__hover=&#8220;null&#8220; button_border_width__hover_enabled=&#8220;off&#8220; button_border_width__hover=&#8220;null&#8220; button_one_border_width__hover_enabled=&#8220;off&#8220; button_one_border_width__hover=&#8220;null&#8220; button_two_border_width__hover_enabled=&#8220;off&#8220; button_two_border_width__hover=&#8220;null&#8220; button_border_color__hover_enabled=&#8220;off&#8220; button_border_color__hover=&#8220;null&#8220; button_one_border_color__hover_enabled=&#8220;off&#8220; button_one_border_color__hover=&#8220;null&#8220; button_two_border_color__hover_enabled=&#8220;off&#8220; button_two_border_color__hover=&#8220;null&#8220; button_border_radius__hover_enabled=&#8220;off&#8220; button_border_radius__hover=&#8220;null&#8220; button_one_border_radius__hover_enabled=&#8220;off&#8220; button_one_border_radius__hover=&#8220;null&#8220; button_two_border_radius__hover_enabled=&#8220;off&#8220; button_two_border_radius__hover=&#8220;null&#8220; button_letter_spacing__hover_enabled=&#8220;on&#8220; button_letter_spacing__hover=&#8220;0&#8243; button_one_letter_spacing__hover_enabled=&#8220;off&#8220; button_one_letter_spacing__hover=&#8220;null&#8220; button_two_letter_spacing__hover_enabled=&#8220;off&#8220; button_two_letter_spacing__hover=&#8220;null&#8220; button_bg_color__hover_enabled=&#8220;off&#8220; button_bg_color__hover=&#8220;null&#8220; button_one_bg_color__hover_enabled=&#8220;off&#8220; button_one_bg_color__hover=&#8220;null&#8220; button_two_bg_color__hover_enabled=&#8220;off&#8220; button_two_bg_color__hover=&#8220;null&#8220;]FLYSURFER Logos sind verf\u00fcgbar als PNG &amp; EPS:<br \/>\n[\/et_pb_cta][\/et_pb_column][\/et_pb_row][\/et_pb_section][et_pb_section fb_built=&#8220;1&#8243; fullwidth=&#8220;on&#8220; disabled_on=&#8220;on|on|on&#8220; admin_label=&#8220;section&#8220; _builder_version=&#8220;3.22&#8243; background_color=&#8220;#ffffff&#8220; disabled=&#8220;on&#8220;][et_pb_fullwidth_slider admin_label=&#8220;Vollbreiter Slider&#8220; _builder_version=&#8220;3.16&#8243; parallax=&#8220;on&#8220; custom_padding=&#8220;|||&#8220; custom_padding_tablet=&#8220;|||&#8220; custom_padding_phone=&#8220;|||&#8220; box_shadow_style=&#8220;preset6&#8243; box_shadow_blur=&#8220;10px&#8220; box_shadow_color=&#8220;rgba(0,0,0,0.1)&#8220; button_letter_spacing_hover=&#8220;0&#8243; remove_inner_shadow=&#8220;off&#8220; hide_content_on_mobile=&#8220;off&#8220; hide_cta_on_mobile=&#8220;off&#8220; show_inner_shadow=&#8220;on&#8220; button_text_size__hover_enabled=&#8220;off&#8220; button_text_size__hover=&#8220;null&#8220; button_one_text_size__hover_enabled=&#8220;off&#8220; button_one_text_size__hover=&#8220;null&#8220; button_two_text_size__hover_enabled=&#8220;off&#8220; button_two_text_size__hover=&#8220;null&#8220; button_text_color__hover_enabled=&#8220;off&#8220; button_text_color__hover=&#8220;null&#8220; button_one_text_color__hover_enabled=&#8220;off&#8220; button_one_text_color__hover=&#8220;null&#8220; button_two_text_color__hover_enabled=&#8220;off&#8220; button_two_text_color__hover=&#8220;null&#8220; button_border_width__hover_enabled=&#8220;off&#8220; button_border_width__hover=&#8220;null&#8220; button_one_border_width__hover_enabled=&#8220;off&#8220; button_one_border_width__hover=&#8220;null&#8220; button_two_border_width__hover_enabled=&#8220;off&#8220; button_two_border_width__hover=&#8220;null&#8220; button_border_color__hover_enabled=&#8220;off&#8220; button_border_color__hover=&#8220;null&#8220; button_one_border_color__hover_enabled=&#8220;off&#8220; button_one_border_color__hover=&#8220;null&#8220; button_two_border_color__hover_enabled=&#8220;off&#8220; button_two_border_color__hover=&#8220;null&#8220; button_border_radius__hover_enabled=&#8220;off&#8220; button_border_radius__hover=&#8220;null&#8220; button_one_border_radius__hover_enabled=&#8220;off&#8220; button_one_border_radius__hover=&#8220;null&#8220; button_two_border_radius__hover_enabled=&#8220;off&#8220; button_two_border_radius__hover=&#8220;null&#8220; button_letter_spacing__hover_enabled=&#8220;on&#8220; button_letter_spacing__hover=&#8220;0&#8243; button_one_letter_spacing__hover_enabled=&#8220;off&#8220; button_one_letter_spacing__hover=&#8220;null&#8220; button_two_letter_spacing__hover_enabled=&#8220;off&#8220; button_two_letter_spacing__hover=&#8220;null&#8220; button_bg_color__hover_enabled=&#8220;off&#8220; button_bg_color__hover=&#8220;null&#8220; button_one_bg_color__hover_enabled=&#8220;off&#8220; button_one_bg_color__hover=&#8220;null&#8220; button_two_bg_color__hover_enabled=&#8220;off&#8220; button_two_bg_color__hover=&#8220;null&#8220;][et_pb_slide _builder_version=&#8220;3.16&#8243; background_color=&#8220;#ffffff&#8220; background_image=&#8220;\/files\/2015\/08\/Media-Slider.jpg&#8220; button_icon_placement=&#8220;right&#8220; button_on_hover=&#8220;on&#8220; button_text_size__hover_enabled=&#8220;off&#8220; button_one_text_size__hover_enabled=&#8220;off&#8220; button_two_text_size__hover_enabled=&#8220;off&#8220; button_text_color__hover_enabled=&#8220;off&#8220; button_one_text_color__hover_enabled=&#8220;off&#8220; button_two_text_color__hover_enabled=&#8220;off&#8220; button_border_width__hover_enabled=&#8220;off&#8220; button_one_border_width__hover_enabled=&#8220;off&#8220; button_two_border_width__hover_enabled=&#8220;off&#8220; button_border_color__hover_enabled=&#8220;off&#8220; button_one_border_color__hover_enabled=&#8220;off&#8220; button_two_border_color__hover_enabled=&#8220;off&#8220; button_border_radius__hover_enabled=&#8220;off&#8220; button_one_border_radius__hover_enabled=&#8220;off&#8220; button_two_border_radius__hover_enabled=&#8220;off&#8220; button_letter_spacing__hover_enabled=&#8220;off&#8220; button_one_letter_spacing__hover_enabled=&#8220;off&#8220; button_two_letter_spacing__hover_enabled=&#8220;off&#8220; button_bg_color__hover_enabled=&#8220;off&#8220; button_one_bg_color__hover_enabled=&#8220;off&#8220; button_two_bg_color__hover_enabled=&#8220;off&#8220; sticky_transition=&#8220;on&#8220;][\/et_pb_slide][\/et_pb_fullwidth_slider][\/et_pb_section]<\/p>\n","protected":false},"excerpt":{"rendered":"<p>[et_pb_section fb_built=&#8220;1&#8243; admin_label=&#8220;section&#8220; _builder_version=&#8220;3.22&#8243;][et_pb_row admin_label=&#8220;row&#8220; _builder_version=&#8220;3.25&#8243; background_size=&#8220;initial&#8220; background_position=&#8220;top_left&#8220; background_repeat=&#8220;repeat&#8220;][et_pb_column type=&#8220;4_4&#8243; _builder_version=&#8220;3.25&#8243; custom_padding=&#8220;|||&#8220; custom_padding__hover=&#8220;|||&#8220;][et_pb_text admin_label=&#8220;Titel&#8220; _builder_version=&#8220;3.27.4&#8243; background_size=&#8220;initial&#8220; background_position=&#8220;top_left&#8220; background_repeat=&#8220;repeat&#8220; use_border_color=&#8220;off&#8220; border_color=&#8220;#ffffff&#8220; border_style=&#8220;solid&#8220;] PRESSESERVICE &#038; MEDIA KIT Wir bieten interessante Werbe-, Vermarktungs- und Kooperationsm\u00f6glichkeiten [\/et_pb_text][\/et_pb_column][\/et_pb_row][et_pb_row column_structure=&#8220;1_2,1_2&#8243; _builder_version=&#8220;3.25&#8243; background_size=&#8220;initial&#8220; background_position=&#8220;top_left&#8220; background_repeat=&#8220;repeat&#8220;][et_pb_column type=&#8220;1_2&#8243; _builder_version=&#8220;3.25&#8243; custom_padding=&#8220;|||&#8220; custom_padding__hover=&#8220;|||&#8220;][et_pb_text _builder_version=&#8220;4.7.4&#8243; background_size=&#8220;initial&#8220; background_position=&#8220;top_left&#8220; background_repeat=&#8220;repeat&#8220; text_orientation=&#8220;justified&#8220; hover_enabled=&#8220;0&#8243; use_border_color=&#8220;off&#8220; sticky_enabled=&#8220;0&#8243;] Seit 2001 ist FLYSURFER in [&hellip;]<\/p>\n","protected":false},"author":27,"featured_media":0,"parent":0,"menu_order":0,"comment_status":"closed","ping_status":"open","template":"","meta":{"_et_pb_use_builder":"on","_et_pb_old_content":"","_et_gb_content_width":"","footnotes":""},"yoast_head":"<!-- This site is optimized with the Yoast SEO plugin v22.5 - https:\/\/yoast.com\/wordpress\/plugins\/seo\/ -->\n<title>Presse &amp; Media | FLYSURFER<\/title>\n<meta name=\"robots\" content=\"index, follow, max-snippet:-1, max-image-preview:large, max-video-preview:-1\" \/>\n<link rel=\"canonical\" href=\"https:\/\/flysurfer.com\/de\/presse-media\/\" \/>\n<meta property=\"og:locale\" content=\"de_DE\" \/>\n<meta property=\"og:type\" content=\"article\" \/>\n<meta property=\"og:title\" content=\"Presse &amp; Media | FLYSURFER\" \/>\n<meta property=\"og:description\" content=\"[et_pb_section fb_built=&#8220;1&#8243; admin_label=&#8220;section&#8220; _builder_version=&#8220;3.22&#8243;][et_pb_row admin_label=&#8220;row&#8220; _builder_version=&#8220;3.25&#8243; background_size=&#8220;initial&#8220; background_position=&#8220;top_left&#8220; background_repeat=&#8220;repeat&#8220;][et_pb_column type=&#8220;4_4&#8243; _builder_version=&#8220;3.25&#8243; custom_padding=&#8220;|||&#8220; custom_padding__hover=&#8220;|||&#8220;][et_pb_text admin_label=&#8220;Titel&#8220; _builder_version=&#8220;3.27.4&#8243; background_size=&#8220;initial&#8220; background_position=&#8220;top_left&#8220; background_repeat=&#8220;repeat&#8220; use_border_color=&#8220;off&#8220; border_color=&#8220;#ffffff&#8220; border_style=&#8220;solid&#8220;] PRESSESERVICE &#038; MEDIA KIT Wir bieten interessante Werbe-, Vermarktungs- und Kooperationsm\u00f6glichkeiten [\/et_pb_text][\/et_pb_column][\/et_pb_row][et_pb_row column_structure=&#8220;1_2,1_2&#8243; _builder_version=&#8220;3.25&#8243; background_size=&#8220;initial&#8220; background_position=&#8220;top_left&#8220; background_repeat=&#8220;repeat&#8220;][et_pb_column type=&#8220;1_2&#8243; _builder_version=&#8220;3.25&#8243; custom_padding=&#8220;|||&#8220; custom_padding__hover=&#8220;|||&#8220;][et_pb_text _builder_version=&#8220;4.7.4&#8243; background_size=&#8220;initial&#8220; background_position=&#8220;top_left&#8220; background_repeat=&#8220;repeat&#8220; text_orientation=&#8220;justified&#8220; hover_enabled=&#8220;0&#8243; use_border_color=&#8220;off&#8220; sticky_enabled=&#8220;0&#8243;] Seit 2001 ist FLYSURFER in [&hellip;]\" \/>\n<meta property=\"og:url\" content=\"https:\/\/flysurfer.com\/de\/presse-media\/\" \/>\n<meta property=\"og:site_name\" content=\"FLYSURFER\" \/>\n<meta property=\"article:publisher\" content=\"https:\/\/www.facebook.com\/flysurferkiteboarding\" \/>\n<meta property=\"article:modified_time\" content=\"2026-04-29T13:57:53+00:00\" \/>\n<meta name=\"twitter:label1\" content=\"Gesch\u00e4tzte Lesezeit\" \/>\n\t<meta name=\"twitter:data1\" content=\"2 Minuten\" \/>\n<script type=\"application\/ld+json\" class=\"yoast-schema-graph\">{\"@context\":\"https:\/\/schema.org\",\"@graph\":[{\"@type\":\"WebPage\",\"@id\":\"https:\/\/flysurfer.com\/de\/presse-media\/\",\"url\":\"https:\/\/flysurfer.com\/de\/presse-media\/\",\"name\":\"Presse & Media | FLYSURFER\",\"isPartOf\":{\"@id\":\"https:\/\/flysurfer.com\/de\/#website\"},\"datePublished\":\"2015-08-19T09:26:31+00:00\",\"dateModified\":\"2026-04-29T13:57:53+00:00\",\"breadcrumb\":{\"@id\":\"https:\/\/flysurfer.com\/de\/presse-media\/#breadcrumb\"},\"inLanguage\":\"de-DE\",\"potentialAction\":[{\"@type\":\"ReadAction\",\"target\":[\"https:\/\/flysurfer.com\/de\/presse-media\/\"]}]},{\"@type\":\"BreadcrumbList\",\"@id\":\"https:\/\/flysurfer.com\/de\/presse-media\/#breadcrumb\",\"itemListElement\":[{\"@type\":\"ListItem\",\"position\":1,\"name\":\"Home\",\"item\":\"https:\/\/flysurfer.com\/de\/\"},{\"@type\":\"ListItem\",\"position\":2,\"name\":\"Presse &#038; Media\"}]},{\"@type\":\"WebSite\",\"@id\":\"https:\/\/flysurfer.com\/de\/#website\",\"url\":\"https:\/\/flysurfer.com\/de\/\",\"name\":\"FLYSURFER\",\"description\":\"ahead of its time\",\"publisher\":{\"@id\":\"https:\/\/flysurfer.com\/de\/#organization\"},\"potentialAction\":[{\"@type\":\"SearchAction\",\"target\":{\"@type\":\"EntryPoint\",\"urlTemplate\":\"https:\/\/flysurfer.com\/de\/?s={search_term_string}\"},\"query-input\":\"required name=search_term_string\"}],\"inLanguage\":\"de-DE\"},{\"@type\":\"Organization\",\"@id\":\"https:\/\/flysurfer.com\/de\/#organization\",\"name\":\"Skywalk GmbH & Co. KG\",\"url\":\"https:\/\/flysurfer.com\/de\/\",\"logo\":{\"@type\":\"ImageObject\",\"inLanguage\":\"de-DE\",\"@id\":\"https:\/\/flysurfer.com\/de\/#\/schema\/logo\/image\/\",\"url\":\"https:\/\/flysurfer.com\/files\/2020\/08\/FS20-Logo-Web_420x105px-3.png\",\"contentUrl\":\"https:\/\/flysurfer.com\/files\/2020\/08\/FS20-Logo-Web_420x105px-3.png\",\"width\":875,\"height\":219,\"caption\":\"Skywalk GmbH & Co. KG\"},\"image\":{\"@id\":\"https:\/\/flysurfer.com\/de\/#\/schema\/logo\/image\/\"},\"sameAs\":[\"https:\/\/www.facebook.com\/flysurferkiteboarding\",\"https:\/\/x.com\/flysurferhq\",\"https:\/\/www.instagram.com\/flysurferkiteboarding\/\",\"https:\/\/www.youtube.com\/flysurferkites\/\"]}]}<\/script>\n<!-- \/ Yoast SEO plugin. -->","yoast_head_json":{"title":"Presse & Media | FLYSURFER","robots":{"index":"index","follow":"follow","max-snippet":"max-snippet:-1","max-image-preview":"max-image-preview:large","max-video-preview":"max-video-preview:-1"},"canonical":"https:\/\/flysurfer.com\/de\/presse-media\/","og_locale":"de_DE","og_type":"article","og_title":"Presse & Media | FLYSURFER","og_description":"[et_pb_section fb_built=&#8220;1&#8243; admin_label=&#8220;section&#8220; _builder_version=&#8220;3.22&#8243;][et_pb_row admin_label=&#8220;row&#8220; _builder_version=&#8220;3.25&#8243; background_size=&#8220;initial&#8220; background_position=&#8220;top_left&#8220; background_repeat=&#8220;repeat&#8220;][et_pb_column type=&#8220;4_4&#8243; _builder_version=&#8220;3.25&#8243; custom_padding=&#8220;|||&#8220; custom_padding__hover=&#8220;|||&#8220;][et_pb_text admin_label=&#8220;Titel&#8220; _builder_version=&#8220;3.27.4&#8243; background_size=&#8220;initial&#8220; background_position=&#8220;top_left&#8220; background_repeat=&#8220;repeat&#8220; use_border_color=&#8220;off&#8220; border_color=&#8220;#ffffff&#8220; border_style=&#8220;solid&#8220;] PRESSESERVICE &#038; MEDIA KIT Wir bieten interessante Werbe-, Vermarktungs- und Kooperationsm\u00f6glichkeiten [\/et_pb_text][\/et_pb_column][\/et_pb_row][et_pb_row column_structure=&#8220;1_2,1_2&#8243; _builder_version=&#8220;3.25&#8243; background_size=&#8220;initial&#8220; background_position=&#8220;top_left&#8220; background_repeat=&#8220;repeat&#8220;][et_pb_column type=&#8220;1_2&#8243; _builder_version=&#8220;3.25&#8243; custom_padding=&#8220;|||&#8220; custom_padding__hover=&#8220;|||&#8220;][et_pb_text _builder_version=&#8220;4.7.4&#8243; background_size=&#8220;initial&#8220; background_position=&#8220;top_left&#8220; background_repeat=&#8220;repeat&#8220; text_orientation=&#8220;justified&#8220; hover_enabled=&#8220;0&#8243; use_border_color=&#8220;off&#8220; sticky_enabled=&#8220;0&#8243;] Seit 2001 ist FLYSURFER in [&hellip;]","og_url":"https:\/\/flysurfer.com\/de\/presse-media\/","og_site_name":"FLYSURFER","article_publisher":"https:\/\/www.facebook.com\/flysurferkiteboarding","article_modified_time":"2026-04-29T13:57:53+00:00","twitter_misc":{"Gesch\u00e4tzte Lesezeit":"2 Minuten"},"schema":{"@context":"https:\/\/schema.org","@graph":[{"@type":"WebPage","@id":"https:\/\/flysurfer.com\/de\/presse-media\/","url":"https:\/\/flysurfer.com\/de\/presse-media\/","name":"Presse & Media | FLYSURFER","isPartOf":{"@id":"https:\/\/flysurfer.com\/de\/#website"},"datePublished":"2015-08-19T09:26:31+00:00","dateModified":"2026-04-29T13:57:53+00:00","breadcrumb":{"@id":"https:\/\/flysurfer.com\/de\/presse-media\/#breadcrumb"},"inLanguage":"de-DE","potentialAction":[{"@type":"ReadAction","target":["https:\/\/flysurfer.com\/de\/presse-media\/"]}]},{"@type":"BreadcrumbList","@id":"https:\/\/flysurfer.com\/de\/presse-media\/#breadcrumb","itemListElement":[{"@type":"ListItem","position":1,"name":"Home","item":"https:\/\/flysurfer.com\/de\/"},{"@type":"ListItem","position":2,"name":"Presse &#038; Media"}]},{"@type":"WebSite","@id":"https:\/\/flysurfer.com\/de\/#website","url":"https:\/\/flysurfer.com\/de\/","name":"FLYSURFER","description":"ahead of its time","publisher":{"@id":"https:\/\/flysurfer.com\/de\/#organization"},"potentialAction":[{"@type":"SearchAction","target":{"@type":"EntryPoint","urlTemplate":"https:\/\/flysurfer.com\/de\/?s={search_term_string}"},"query-input":"required name=search_term_string"}],"inLanguage":"de-DE"},{"@type":"Organization","@id":"https:\/\/flysurfer.com\/de\/#organization","name":"Skywalk GmbH & Co. KG","url":"https:\/\/flysurfer.com\/de\/","logo":{"@type":"ImageObject","inLanguage":"de-DE","@id":"https:\/\/flysurfer.com\/de\/#\/schema\/logo\/image\/","url":"https:\/\/flysurfer.com\/files\/2020\/08\/FS20-Logo-Web_420x105px-3.png","contentUrl":"https:\/\/flysurfer.com\/files\/2020\/08\/FS20-Logo-Web_420x105px-3.png","width":875,"height":219,"caption":"Skywalk GmbH & Co. KG"},"image":{"@id":"https:\/\/flysurfer.com\/de\/#\/schema\/logo\/image\/"},"sameAs":["https:\/\/www.facebook.com\/flysurferkiteboarding","https:\/\/x.com\/flysurferhq","https:\/\/www.instagram.com\/flysurferkiteboarding\/","https:\/\/www.youtube.com\/flysurferkites\/"]}]}},"_links":{"self":[{"href":"https:\/\/flysurfer.com\/de\/wp-json\/wp\/v2\/pages\/4156"}],"collection":[{"href":"https:\/\/flysurfer.com\/de\/wp-json\/wp\/v2\/pages"}],"about":[{"href":"https:\/\/flysurfer.com\/de\/wp-json\/wp\/v2\/types\/page"}],"author":[{"embeddable":true,"href":"https:\/\/flysurfer.com\/de\/wp-json\/wp\/v2\/users\/27"}],"replies":[{"embeddable":true,"href":"https:\/\/flysurfer.com\/de\/wp-json\/wp\/v2\/comments?post=4156"}],"version-history":[{"count":6,"href":"https:\/\/flysurfer.com\/de\/wp-json\/wp\/v2\/pages\/4156\/revisions"}],"predecessor-version":[{"id":72448,"href":"https:\/\/flysurfer.com\/de\/wp-json\/wp\/v2\/pages\/4156\/revisions\/72448"}],"wp:attachment":[{"href":"https:\/\/flysurfer.com\/de\/wp-json\/wp\/v2\/media?parent=4156"}],"curies":[{"name":"wp","href":"https:\/\/api.w.org\/{rel}","templated":true}]}}